{"id":904,"date":"2021-10-27T08:36:08","date_gmt":"2021-10-27T08:36:08","guid":{"rendered":"http:\/\/dreamia.pt\/?page_id=904"},"modified":"2021-10-27T08:36:08","modified_gmt":"2021-10-27T08:36:08","slug":"politica-de-cookies","status":"publish","type":"page","link":"https:\/\/dreamia.pt\/en\/politica-de-cookies\/","title":{"rendered":"Pol\u00edtica de cookies"},"content":{"rendered":"<p>[vc_row][vc_column css=&#8221;.vc_custom_1628703231567{padding-top: 6% !important;padding-bottom: 6% !important;}&#8221; col_shadow=&#8221;box_shadow_enable:disable|shadow_horizontal:0|shadow_vertical:15|shadow_blur:50|shadow_spread:0|box_shadow_color:rgba(0%2C0%2C0%2C0.35)&#8221; col_shadow_hover=&#8221;box_shadow_enable:disable|shadow_horizontal:0|shadow_vertical:15|shadow_blur:50|shadow_spread:0|box_shadow_color:rgba(0%2C0%2C0%2C0.35)&#8221;][vc_column_text]<strong>POL\u00cdTICA DE COOKIES DREAMIA<\/strong><\/p>\n<p>1 \u2013 <strong>UTILIZA\u00c7\u00c3O DE COOKIES EM WEBSITES DA DREAMIA<\/strong><\/p>\n<p>Um Cookie \u00e9 um pequeno arquivo inform\u00e1tico que algumas plataformas, tais como Websites, enviam ao equipamento (computador, smartphone, tablet, etc.) do utilizador final que acede a essas plataformas, e que permite armazenar e recuperar detalhes e caracter\u00edsticas \u00fanicas da visita de cada utilizador.<\/p>\n<p>A DREAMIA &#8211; SERVI\u00c7OS DE TELEVIS\u00c3O, S.A., com domic\u00edlio na Rua Actor Ant\u00f3nio Silva, 9, 1600-404 Lisboa (doravante designada por \u201cDreamia\u201d) utiliza v\u00e1rios tipos de cookies (doravante designados \u201cCookie\/s\u201d), tanto pr\u00f3prios como de terceiros, nos Websites que lhe pertencem (doravante designados por \u201cWebsite\/s\u201d) com o objetivo de oferecer a quem os visita (\u201cUtilizador\/es\u201d) um acesso mais r\u00e1pido aos conte\u00fados selecionados e uma experi\u00eancia mais satisfat\u00f3ria e personalizada em fun\u00e7\u00e3o das suas pautas de navega\u00e7\u00e3o.<\/p>\n<p>Assim, a utiliza\u00e7\u00e3o de Cookies permite aos Websites funcionar de forma mais eficaz, proporcionando \u00e0 Dreamia informa\u00e7\u00e3o que lhe permite melhorar os seus servi\u00e7os, bem como oferecer aos Utilizadores um conte\u00fado, inclusive publicidade, mais adequado aos seus interesses e prefer\u00eancias.<\/p>\n<p>Os Cookies n\u00e3o fornecem dados pessoais dos Utilizadores, nem informa\u00e7\u00e3o que permita deduzi-los, j\u00e1 que se associam anonimamente ao equipamento terminal, seja ele um computador pessoal, smartphone, tablet, etc. (o \u201cEquipamento\u201d).<\/p>\n<p>O Utilizador pode configurar o seu navegador para que este o notifique e impe\u00e7a a instala\u00e7\u00e3o de Cookies enviadas pelos Websites. Ainda que esta configura\u00e7\u00e3o n\u00e3o impe\u00e7a o Utilizador de aceder aos servi\u00e7os que se oferecem, pode acontecer que se verifique uma diminui\u00e7\u00e3o da qualidade do funcionamento dos Websites.<\/p>\n<p>Os Utilizadores que se registem nos Websites (\u201cUtilizadores Registados\u201d) desfrutar\u00e3o de uma experi\u00eancia de navega\u00e7\u00e3o mais personalizada gra\u00e7as \u00e0 utiliza\u00e7\u00e3o dos Cookies, bem como da informa\u00e7\u00e3o gerada no momento do registo, que est\u00e1 protegida pela Pol\u00edtica de Privacidade do Dreamia. A condi\u00e7\u00e3o de Utilizador Registado \u00e9 independente do direito de desabilitar os Cookies no seu navegador.<\/p>\n<p>2 \u2013 <strong>TIPOS DE COOKIES UTILIZADOS EM WEBSITES DA DREAMIA<\/strong><\/p>\n<p>Existem v\u00e1rios tipos de cookies, que se podem classificar segundo a sua perman\u00eancia, as suas fun\u00e7\u00f5es ou se s\u00e3o enviados para o Computador a partir de um Equipamento ou dom\u00ednio gerido pelo pr\u00f3prio editor, de onde se presta o servi\u00e7o solicitado pelo Utilizador (\u201cCookie\/s pr\u00f3prios\u201d) ou se s\u00e3o enviados para o Computador a partir de um Equipamento ou dom\u00ednio que n\u00e3o \u00e9 gerido pelo pr\u00f3prio editor mas por terceiros (\u201cCookie\/s de terceiros\u201d).<\/p>\n<p>A dura\u00e7\u00e3o da exist\u00eancia dos cookies pode variar.<\/p>\n<p>Os Cookies de sess\u00e3o, desaparecem quando o utilizador encerra o navegador, ou passado um tempo definido;<br \/>\nOs Cookies permanentes ou persistentes, s\u00e3o um tipo de cookies em que os dados compilados ficam armazenados no Equipamento e s\u00f3 desaparecem quando j\u00e1 cumpriram o seu objetivo, ou se se procede \u00e0 sua elimina\u00e7\u00e3o.<br \/>\nA Dreamia utiliza Cookies de sess\u00e3o, pois s\u00e3o necess\u00e1rios para a correta utiliza\u00e7\u00e3o dos Websites e t\u00eam como finalidade oferecer uma boa gest\u00e3o da sess\u00e3o aberta pelo Utilizador e possibilitar a navega\u00e7\u00e3o atrav\u00e9s de diferentes p\u00e1ginas do Website de forma ininterrupta sem que, por exemplo, tenha de voltar a definir para cada p\u00e1gina as suas prefer\u00eancias no que toca a idioma ou localiza\u00e7\u00e3o. Se estes Cookies fossem desabilitados, grande parte dos servi\u00e7os dispon\u00edveis n\u00e3o estariam operativos. A Dreamia utiliza tamb\u00e9m Cookies permanentes ou persistentes, pr\u00f3prios ou de terceiros, para que a experi\u00eancia de navega\u00e7\u00e3o dos utilizadores seja a mais satisfat\u00f3ria poss\u00edvel e a mais adequada aos seus interesses.<\/p>\n<p>Os Cookies classificam-se tamb\u00e9m consoante a sua finalidade:<\/p>\n<p>Os Cookies de Rendimento armazenam a informa\u00e7\u00e3o sobre as prefer\u00eancias do utilizador no que concerne as ferramentas empregues, por exemplo, idioma ou volume, para que este n\u00e3o tenha que voltar a configura-las cada vez que acede \u00e0 plataforma;<br \/>\nOs Cookies de Registo permitem ao utilizador que se registou numa plataforma n\u00e3o ter de voltar a faz\u00ea-lo, de tal forma que a mesma plataforma o reconhecer\u00e1 automaticamente sempre que e enquanto tiver a sua sess\u00e3o aberta. Se o utilizador encerrar a sua sess\u00e3o, ent\u00e3o ter\u00e1 que voltar a identificar-se com o seu nome de utilizador e a palavra passe. Esta funcionalidade \u00e9 \u00fatil para comprovar que o utilizador est\u00e1 autorizado a aceder a determinados servi\u00e7os ou, por exemplo, a participar num concurso;<br \/>\nOs Cookies de Geolocaliza\u00e7\u00e3o permitem, de forma completamente an\u00f3nima, identificar o pa\u00eds onde o utilizador iniciou a sua liga\u00e7\u00e3o para lhe poder proporcionar a informa\u00e7\u00e3o mais adequada tendo em conta a sua localiza\u00e7\u00e3o;<br \/>\nOs Cookies Funcionais permitem criar uma lista de condi\u00e7\u00f5es sobre a pesquisa que o utilizador vai efetuando. Tamb\u00e9m podem ser utilizados para recordar que avisos legais o utilizador aceitou ou os dados introduzidos num formul\u00e1rio;<br \/>\nOs Cookies de Partilha (ou Sharing Cookies) permitem partilhar elementos dos Websites noutras p\u00e1ginas web como Facebook, Twitter ou Google;<br \/>\nOs Cookies Anal\u00edticos, atrav\u00e9s de ferramentas como Google Adsense y Analytics, permitem recolher automaticamente dados para fins estat\u00edsticos, tais como, tipo de navegador, sistema operativo utilizado, n\u00famero de visitas, tempo m\u00e9dio empregue no website, p\u00e1ginas visitadas. Estes cookies permitem quantificar o n\u00famero de visitantes, bem como analisar estatisticamente o tipo de utiliza\u00e7\u00e3o dos servi\u00e7os dos Websites;<br \/>\nOs Cookies de Publicidade permitem determinar quais s\u00e3o os interesses do utilizador em fun\u00e7\u00e3o dos seus h\u00e1bitos de navega\u00e7\u00e3o de forma a proporcionar-lhes ofertas publicit\u00e1rias interessantes. Uma subtipologia destes s\u00e3o os Cookies de publicidade comportamental que permitem armazenar informa\u00e7\u00e3o sobre a navega\u00e7\u00e3o ao longo de uma mesma sess\u00e3o de navega\u00e7\u00e3o, mostrando publicidades diretamente relacionadas com os seus interesses ou pesquisas anteriores em outros locais da rede.<br \/>\nA Dreamia utiliza Cookies pr\u00f3prios ou de terceiros dos seguintes tipos: Cookies de Rendimento, de Registo, de Geolocaliza\u00e7\u00e3o, Funcionais, Sharing Cookies, Anal\u00edticos, Publicit\u00e1rios, incluindo comportamentais.<\/p>\n<p>As empresas que originam os Cookies de terceiros nos nossos Websites t\u00eam as suas pr\u00f3prias pol\u00edticas em mat\u00e9ria de cookies e de prote\u00e7\u00e3o de dados. Atualmente, os Websites gerem Cookies de terceiros das seguintes empresas:<\/p>\n<p>Google \u2013 pode consultar mais informa\u00e7\u00e3o sobre a politica de cookies desta empresa, seguindo a liga\u00e7\u00e3o: http:\/\/www.google.es\/intl\/es\/policies\/technologies\/cookies\/<br \/>\nWordPress \u2013 pode consultar mais informa\u00e7\u00e3o sobre a pol\u00edtica de cookies desta empresa, seguindo a liga\u00e7\u00e3o: http:\/\/wordpress.org\/about\/privacy\/<br \/>\nBrightcove \u2013 pode consultar mais informa\u00e7\u00e3o sobre a politica de cookies desta empresa, seguindo a liga\u00e7\u00e3o: https:\/\/www.brightcove.com\/es\/privacy<br \/>\nFacebook \u2013 pode consultar mais informa\u00e7\u00e3o sobre a politica de cookies desta empresa, seguindo a liga\u00e7\u00e3o: https:\/\/es-es.facebook.com\/help\/cookies<br \/>\nTwitter \u2013 pode consultar mais informa\u00e7\u00e3o sobre a politica de cookies desta empresa, seguindo a liga\u00e7\u00e3o: https:\/\/twitter.com\/privacy<br \/>\nAppoxee \u2013 pode consultar mais informa\u00e7\u00e3o sobre a pol\u00edtica de cookies desta empresa, seguindo a liga\u00e7\u00e3o: http:\/\/www.appoxee.com\/privacy<br \/>\nFlurry \u2013 pode consultar mais informa\u00e7\u00e3o sobre a pol\u00edtica de cookies desta empresa, seguindo a liga\u00e7\u00e3o: http:\/\/www.flurry.com\/privacy-policy.html<br \/>\nOutbrain \u2013 pode consultar mais informa\u00e7\u00e3o sobre a pol\u00edtica de cookies desta empresa, seguindo a liga\u00e7\u00e3o: http:\/\/www.outbrain.com\/legal\/privacy-713\/<br \/>\nFractal Media \u2013 pode consultar mais informa\u00e7\u00e3o sobre a pol\u00edtica de cookies desta empresa, seguindo a liga\u00e7\u00e3o: http:\/\/fractalmedia.es\/politica-de-cookies\/<br \/>\nAppnexus \u2013 pode consultar mais informa\u00e7\u00e3o sobre a pol\u00edtica de cookies desta empresa, seguindo a liga\u00e7\u00e3o: http:\/\/www.appnexus.com\/en\/company\/cookie-policy<br \/>\nDMP Weborama \u2013 pode consultar mais informa\u00e7\u00e3o sobre a pol\u00edtica de cookies desta empresa, seguindo a liga\u00e7\u00e3o: http:\/\/www.weborama.com\/e-privacy\/our-commitment\/<br \/>\nPiksel \u2013 pode consultar mais informa\u00e7\u00e3o sobre a politica de cookies desta empresa, seguindo a liga\u00e7\u00e3o: http:\/\/piksel.com\/privacy-policy\/<br \/>\nADN Stream \u2013 pode consultar mais informa\u00e7\u00e3o sobre a pol\u00edtica de cookies desta empresa, seguindo a liga\u00e7\u00e3o: http:\/\/www.adnstream.com\/condiciones_generales.php<br \/>\nNotikumi \u2013 pode consultar mais informa\u00e7\u00e3o sobre a pol\u00edtica de cookies desta empresa, seguindo a liga\u00e7\u00e3o: http:\/\/www.notikumi.com\/static\/privacidad<br \/>\nWorld Premium Rate \u2013 pode consultar mais informa\u00e7\u00e3o sobre a pol\u00edtica de cookies desta empresa, seguindo a liga\u00e7\u00e3o: http:\/\/www.wpr.es\/index.html<br \/>\nHabitissimo \u2013 pode consultar mais informa\u00e7\u00e3o sobre a pol\u00edtica de cookies desta empresa, seguindo a liga\u00e7\u00e3o: http:\/\/www.habitissimo.es\/terminos_y_condiciones\/particulares<br \/>\n3 \u2013 POSSIBILIDADE DE DESABILITAR OS COOKIES<\/p>\n<p>Os Utilizadores dos Websites podem permitir, bloquear ou eliminar os Cookies instalados no seu Equipamento mediante a configura\u00e7\u00e3o das op\u00e7\u00f5es do seu navegador de internet. Por exemplo, relativamente aos navegadores mais comuns, os Cookies podem gerir-se seguindo as liga\u00e7\u00f5es que listamos:<\/p>\n<p>Google Chrome: http:\/\/support.google.com\/chrome\/bin\/answer.py?hl=es&amp;answer=95647<br \/>\nMozilla Firefox: http:\/\/support.mozilla.org\/es\/kb\/habilitar-y-deshabilitar-cookies-que-los-sitios-we<br \/>\nInternet Explorer: http:\/\/windows.microsoft.com\/es-es\/windows7\/how-to-manage-cookies-in-internet-explorer-9<br \/>\nSafari: http:\/\/www.apple.com\/es\/privacy\/use-of-cookies\/<br \/>\nTal como mencionado anteriormente, o ato de desabilitar os Cookies, ainda que n\u00e3o impe\u00e7a o Utilizador de aceder aos servi\u00e7os e conte\u00fados dos Websites, pode provocar uma diminui\u00e7\u00e3o na qualidade do seu funcionamento.<\/p>\n<p>4 \u2013 <strong>CONSIDERA\u00c7\u00d5ES FINAIS<\/strong><\/p>\n<p>A presente pol\u00edtica de Cookies \u00e9 comum a todos os Websites da Dreamia, pelo que a sua aceita\u00e7\u00e3o pelo Utilizador de um Website sup\u00f5e a aceita\u00e7\u00e3o em todos os restantes. A lista completa dos Websites pode-se encontrar no website oficial da Dreamia http:\/\/www.dreamia.pt\/.<\/p>\n<p>A Dreamia reserva-se o direito de modificar a presente Pol\u00edtica de Cookies em qualquer momento. Pode obter mais informa\u00e7\u00e3o sobre a Dreamia nas Aviso Legal dos nossos Websites, bem como na nossa Pol\u00edtica de Privacidade.<\/p>\n<p>Para mais informa\u00e7\u00e3o sobre os cookies em geral, consulte: http:\/\/www.iabspain.net\/privacidadeninternet\/usuario.[\/vc_column_text][\/vc_column][\/vc_row]<\/p>\n","protected":false},"excerpt":{"rendered":"<p>[vc_row][vc_column css=&#8221;.vc_custom_1628703231567{padding-top: 6% !important;padding-bottom: 6% !important;}&#8221; col_shadow=&#8221;box_shadow_enable:disable|shadow_horizontal:0|shadow_vertical:15|shadow_blur:50|shadow_spread:0|box_shadow_color:rgba(0%2C0%2C0%2C0.35)&#8221; col_shadow_hover=&#8221;box_shadow_enable:disable|shadow_horizontal:0|shadow_vertical:15|shadow_blur:50|shadow_spread:0|box_shadow_color:rgba(0%2C0%2C0%2C0.35)&#8221;][vc_column_text]POL\u00cdTICA DE COOKIES DREAMIA 1 \u2013 UTILIZA\u00c7\u00c3O DE COOKIES EM WEBSITES DA DREAMIA Um Cookie \u00e9 um pequeno arquivo inform\u00e1tico que algumas plataformas,<\/p>\n","protected":false},"author":1,"featured_media":0,"parent":0,"menu_order":0,"comment_status":"closed","ping_status":"closed","template":"page-custom.php","meta":{"footnotes":""},"class_list":["post-904","page","type-page","status-publish","hentry"],"_links":{"self":[{"href":"https:\/\/dreamia.pt\/en\/wp-json\/wp\/v2\/pages\/904","targetHints":{"allow":["GET"]}}],"collection":[{"href":"https:\/\/dreamia.pt\/en\/wp-json\/wp\/v2\/pages"}],"about":[{"href":"https:\/\/dreamia.pt\/en\/wp-json\/wp\/v2\/types\/page"}],"author":[{"embeddable":true,"href":"https:\/\/dreamia.pt\/en\/wp-json\/wp\/v2\/users\/1"}],"replies":[{"embeddable":true,"href":"https:\/\/dreamia.pt\/en\/wp-json\/wp\/v2\/comments?post=904"}],"version-history":[{"count":1,"href":"https:\/\/dreamia.pt\/en\/wp-json\/wp\/v2\/pages\/904\/revisions"}],"predecessor-version":[{"id":906,"href":"https:\/\/dreamia.pt\/en\/wp-json\/wp\/v2\/pages\/904\/revisions\/906"}],"wp:attachment":[{"href":"https:\/\/dreamia.pt\/en\/wp-json\/wp\/v2\/media?parent=904"}],"curies":[{"name":"wp","href":"https:\/\/api.w.org\/{rel}","templated":true}]}}