{"id":901,"date":"2021-10-27T08:34:35","date_gmt":"2021-10-27T08:34:35","guid":{"rendered":"http:\/\/dreamia.pt\/?page_id=901"},"modified":"2021-10-27T08:34:35","modified_gmt":"2021-10-27T08:34:35","slug":"aviso-legal","status":"publish","type":"page","link":"https:\/\/dreamia.pt\/en\/aviso-legal\/","title":{"rendered":"Aviso Legal"},"content":{"rendered":"<p>[vc_row][vc_column css=&#8221;.vc_custom_1628702858977{padding-top: 6% !important;padding-bottom: 6% !important;}&#8221; col_shadow=&#8221;box_shadow_enable:disable|shadow_horizontal:0|shadow_vertical:15|shadow_blur:50|shadow_spread:0|box_shadow_color:rgba(0%2C0%2C0%2C0.35)&#8221; col_shadow_hover=&#8221;box_shadow_enable:disable|shadow_horizontal:0|shadow_vertical:15|shadow_blur:50|shadow_spread:0|box_shadow_color:rgba(0%2C0%2C0%2C0.35)&#8221;][vc_column_text]<strong>AVISO LEGAL<\/strong><\/p>\n<p>O presente website (a \u201cP\u00e1gina Web\u201d) pertence a DREAMIA &#8211; SERVI\u00c7OS DE TELEVIS\u00c3O, S.A., com sede na Rua Actor Ant\u00f3nio Silva, 9, 1600-404 Lisboa, com o N.I.P.C. 509 092 080 (\u201cDreamia\u201d).<\/p>\n<p><strong>CONDI\u00c7\u00d5ES DE UTILIZA\u00c7\u00c3O<\/strong><\/p>\n<p>1. A condi\u00e7\u00e3o de utilizador da presente P\u00e1gina Web d\u00e1-lhe acesso \u00e0s promo\u00e7\u00f5es, concursos e\/ou servi\u00e7os (em conjunto, \u201cPromo\u00e7\u00f5es\u201d), cujas caracter\u00edsticas espec\u00edficas, nesse caso, ser\u00e3o estabelecidas para cada caso em concreto e ser\u00e3o publicadas igualmente na P\u00e1gina Web durante o prazo da sua vig\u00eancia. Para isso, s\u00f3 \u00e9 necess\u00e1rio fazer o registo, de car\u00e1cter gratuito, atrav\u00e9s do preenchimento do formul\u00e1rio de recolha de dados elaborado para o efeito, que incluir\u00e1, com indica\u00e7\u00e3o expressa deste car\u00e1cter, campos de preenchimento obrigat\u00f3rio. O utilizador responder\u00e1 pela exactid\u00e3o, actualiza\u00e7\u00e3o e veracidade dos conte\u00fados, opini\u00f5es e dados que forne\u00e7a e, nesse caso, excluindo-se a Dreamia de qualquer responsabilidade por conte\u00fado inadequado o por dados errados, inexactos, falsos ou referentes a outra pessoa que n\u00e3o a que os forneceu. Seja como for, a Dreamia reserva o direito de retirar os elementos fornecidos pelo utilizador que possam, na sua opini\u00e3o, infringir as disposi\u00e7\u00f5es legais ou regulamentares, ou direitos de terceiros. Os dados fornecidos, que sejam considerados dados de car\u00e1cter pessoal de acordo com a legisla\u00e7\u00e3o aplic\u00e1vel nesta mat\u00e9ria, ser\u00e3o tratados em conformidade com a mesma e ficar\u00e3o sujeitos \u00e0 Pol\u00edtica de Privacidade da Dreamia.<\/p>\n<p>2. A condi\u00e7\u00e3o de utilizador poder\u00e1 ser unilateralmente revogada pela Dreamia quando ocorram circunst\u00e2ncias que assim o aconselhem, tais como comportamentos ofensivos, fraudulentos ou de alguma forma contr\u00e1rios \u00e0 legisla\u00e7\u00e3o aplic\u00e1vel ou que atentem contra os direitos de terceiros, por causa das opini\u00f5es vinculadas ou conte\u00fados introduzidos pelo utilizador nas sec\u00e7\u00f5es de participa\u00e7\u00e3o. Em qualquer caso, a responsabilidade da Dreamia limitar-se-\u00e1 \u00e0 retirada de tais opini\u00f5es e\/ou conte\u00fados do utilizador, quer seja por iniciativa pr\u00f3pria ou a pedido dos atingidos.<\/p>\n<p>3. Em rela\u00e7\u00e3o a tais conte\u00fados, o utilizador, com a sua participa\u00e7\u00e3o, autoriza a Dreamia \u00e0 explora\u00e7\u00e3o da P\u00e1gina Web, nos termos da Promo\u00e7\u00e3o em concreto, ou com car\u00e1cter indefinido, \u00e0 falta de outra disposi\u00e7\u00e3o. A dita explora\u00e7\u00e3o autorizada englobar\u00e1 tamb\u00e9m a possibilidade da P\u00e1gina Web, ou sec\u00e7\u00f5es desta, podem ser inclu\u00eddas em websites de terceiros, mas sempre com a identifica\u00e7\u00e3o do aval da Dreamia. Tamb\u00e9m se autoriza a reprodu\u00e7\u00e3o dos conte\u00fados, em promo\u00e7\u00e3o da P\u00e1gina Web ou do canal de televis\u00e3o da qual esta \u00e9 site oficial, se for caso disso, por quaisquer meios e em quaisquer formatos ou suportes, sejam pr\u00f3prios ou de terceiros. O utilizador garante que responder\u00e1 plenamente no caso dos conte\u00fados introduzidos n\u00e3o serem adequados a tal explora\u00e7\u00e3o ou se, na mesma, foram violados direitos de terceiros.<\/p>\n<p>4. Nada do anterior se entender\u00e1 como uma limita\u00e7\u00e3o para o utilizador, para o uso dos seus conte\u00fados por quaisquer outros meios, nem uma obriga\u00e7\u00e3o para a Dreamia de public\u00e1-los na P\u00e1gina Web. A perda da condi\u00e7\u00e3o de utilizador por qualquer raz\u00e3o n\u00e3o revogar\u00e1 os termos da autoriza\u00e7\u00e3o concedida.<\/p>\n<p>5. A Dreamia poder\u00e1 recolher automaticamente dados n\u00e3o considerados sens\u00edveis, tais como o tipo de navegador, o sistema operativo utilizado, o n\u00famero de visitas, o tempo m\u00e9dio dispendido na Web, as p\u00e1ginas visitadas\u2026 A dita informa\u00e7\u00e3o ser\u00e1 utilizada unicamente para medir a utiliza\u00e7\u00e3o das P\u00e1ginas Web e melhorar os seus conte\u00fados. Poder\u00e1 usar igualmente tecnologia cookie com o objectivo de reconhecer automaticamente o utilizador nas pr\u00f3ximas visitas \u00e0 P\u00e1gina Web. Para mais informa\u00e7\u00f5es, consultar a Pol\u00edtica de Cookies.<\/p>\n<p><strong>PUBLICIDADE E COM\u00c9RCIO ELECTR\u00d3NICO<\/strong><\/p>\n<p>1. A P\u00e1gina Web pode conter liga\u00e7\u00f5es para outras p\u00e1ginas. A Dreamia n\u00e3o se responsabiliza pelos conte\u00fados, actividades ou afirma\u00e7\u00f5es l\u00e1 contidas e, em particular, pelas opera\u00e7\u00f5es de com\u00e9rcio electr\u00f3nico que possam surgir por causa da P\u00e1gina Web.<\/p>\n<p>2. A P\u00e1gina Web pode ter publicidade. A Dreamia n\u00e3o se manifesta nem assume responsabilidade sobre os produtos e\/ou servi\u00e7os aos quais serve de suporte publicit\u00e1rio.<\/p>\n<p>3. Em caso algum, a utiliza\u00e7\u00e3o da referida tecnologia de cookies ou de outras de funcionamento ou finalidade an\u00e1logos implicar\u00e1 a possibilidade de acesso por parte dos anunciantes aos dados de car\u00e1cter pessoal dos utilizadores.<\/p>\n<p>4. Se for um anunciante interessado em contratar uma campanha na P\u00e1gina Web, pode contactar o nosso departamento comercial atrav\u00e9s do telefone: +351 21 782 44 00.<\/p>\n<p><strong>TERMO DE RESPONSABILIDADE<\/strong><\/p>\n<p>1. A informa\u00e7\u00e3o contida na P\u00e1gina Web \u00e9 de car\u00e1cter meramente divulgativo e o seu objectivo nada mais \u00e9 do que fornecer informa\u00e7\u00f5es gerais sobre as actividades da Dreamia e associados, sem assessorar nem constituir fonte de refer\u00eancia ou consulta.<\/p>\n<p>2. A Dreamia n\u00e3o garante que o funcionamento da P\u00e1gina Web esteja sempre livre de interrup\u00e7\u00f5es ou demoras nem assegura que a totalidade da informa\u00e7\u00e3o contida seja exacta, precisa ou suficiente.<\/p>\n<p>3. A P\u00e1gina Web pode conter elementos protegidos pela legisla\u00e7\u00e3o sobre a Propriedade Intelectual e Industrial. N\u00e3o \u00e9 permitido modificar, reproduzir, distribuir ou, de outro modo, usar a P\u00e1gina Web ou quaisquer dos seus conte\u00fados sem a expressa autoriza\u00e7\u00e3o por escrito dos correspondentes titulares de direitos.<\/p>\n<p>4. Em caso algum, a Dreamia, os seus representantes, agentes ou funcion\u00e1rios, ser\u00e3o respons\u00e1veis por qualquer dano que possa advir, mesmo acidentalmente, do mau funcionamento da P\u00e1gina Web, ou por sua reprodu\u00e7\u00e3o, utiliza\u00e7\u00e3o ou explora\u00e7\u00e3o que transgrida o disposto na presente nota.<\/p>\n<p><strong>INFORMA\u00c7\u00c3O LEGAL E CONTACTO<\/strong><\/p>\n<p>Titular do dom\u00ednio: DREAMIA &#8211; SERVI\u00c7OS DE TELEVIS\u00c3O, S.A.<br \/>\nDomic\u00edlio social: Rua Actor Ant\u00f3nio Silva, 9, 1600-404 Lisboa<br \/>\nN.I.P.C. 509 092 080<br \/>\nTelefone: +351 21 782 44 00<br \/>\ne-mail: dreamia @ dreamia.pt<br \/>\nAviso Legal em vigor a partir de 23 de Junho de 2016[\/vc_column_text][\/vc_column][\/vc_row]<\/p>\n","protected":false},"excerpt":{"rendered":"<p>[vc_row][vc_column css=&#8221;.vc_custom_1628702858977{padding-top: 6% !important;padding-bottom: 6% !important;}&#8221; col_shadow=&#8221;box_shadow_enable:disable|shadow_horizontal:0|shadow_vertical:15|shadow_blur:50|shadow_spread:0|box_shadow_color:rgba(0%2C0%2C0%2C0.35)&#8221; col_shadow_hover=&#8221;box_shadow_enable:disable|shadow_horizontal:0|shadow_vertical:15|shadow_blur:50|shadow_spread:0|box_shadow_color:rgba(0%2C0%2C0%2C0.35)&#8221;][vc_column_text]AVISO LEGAL O presente website (a \u201cP\u00e1gina Web\u201d) pertence a DREAMIA &#8211; SERVI\u00c7OS DE TELEVIS\u00c3O, S.A., com sede na Rua Actor Ant\u00f3nio Silva,<\/p>\n","protected":false},"author":1,"featured_media":0,"parent":0,"menu_order":0,"comment_status":"closed","ping_status":"closed","template":"page-custom.php","meta":{"footnotes":""},"class_list":["post-901","page","type-page","status-publish","hentry"],"_links":{"self":[{"href":"https:\/\/dreamia.pt\/en\/wp-json\/wp\/v2\/pages\/901","targetHints":{"allow":["GET"]}}],"collection":[{"href":"https:\/\/dreamia.pt\/en\/wp-json\/wp\/v2\/pages"}],"about":[{"href":"https:\/\/dreamia.pt\/en\/wp-json\/wp\/v2\/types\/page"}],"author":[{"embeddable":true,"href":"https:\/\/dreamia.pt\/en\/wp-json\/wp\/v2\/users\/1"}],"replies":[{"embeddable":true,"href":"https:\/\/dreamia.pt\/en\/wp-json\/wp\/v2\/comments?post=901"}],"version-history":[{"count":1,"href":"https:\/\/dreamia.pt\/en\/wp-json\/wp\/v2\/pages\/901\/revisions"}],"predecessor-version":[{"id":903,"href":"https:\/\/dreamia.pt\/en\/wp-json\/wp\/v2\/pages\/901\/revisions\/903"}],"wp:attachment":[{"href":"https:\/\/dreamia.pt\/en\/wp-json\/wp\/v2\/media?parent=901"}],"curies":[{"name":"wp","href":"https:\/\/api.w.org\/{rel}","templated":true}]}}